{"id":33,"date":"2009-01-18T19:25:37","date_gmt":"2009-01-18T17:25:37","guid":{"rendered":"http:\/\/unevalleedanslalune.ouvaton.org\/?page_id=33"},"modified":"2025-06-16T12:33:08","modified_gmt":"2025-06-16T10:33:08","slug":"appel-a-participation","status":"publish","type":"page","link":"https:\/\/lafermedelechelette.com\/index.php\/appel-a-participation\/","title":{"rendered":"Appel \u00e0 participation (textes de 2009 et 2012)"},"content":{"rendered":"<p>C&rsquo;est la crise !<\/p>\n<p>Tous les indicateurs sont dans le rouge, des travailleurs du monde entier sont les premi\u00e8res victimes de l&rsquo;\u00e9clatement de la bulle financi\u00e8re, on en oublie m\u00eame les crises \u00e9cologique et alimentaire qui constituent pourtant de r\u00e9elles menaces.<\/p>\n<p>Pas de quoi se r\u00e9jouir&#8230; et pourtant, je vous souhaite une merveilleuse ann\u00e9e 2009 ! Face \u00e0 ce syst\u00e8me qui d\u00e9raille, je suis persuad\u00e9 que les relations entre amis, voisins, citoyens, du local au global, peuvent permettre de dessiner des alternatives cr\u00e9atives et cr\u00e9dibles. J&rsquo;y peux rien : je suis optimiste !<\/p>\n<p>Pour ma part, 2009 est l&rsquo;ann\u00e9e de tous les changements avec un projet d&rsquo;installation en agriculture \u00e0 Lauris (c&rsquo;est o\u00f9 ? \u00e0 64 km au nord de Marseille). Et alors que l&rsquo;\u00c9tat renfloue banques et industrie automobile \u00e0 coup de milliards (pris sur les deniers publics), je vous invite \u00e0 participer \u00e0 ce projet, en y investissant votre temps, votre argent, dans l&rsquo;optique d&rsquo;un d\u00e9veloppement \u00e9conomique local, solidaire et \u00e9cologique. \u00c0 noter que pour la participation aux amap, nous prenons d\u00e8s aujourd&rsquo;hui les demandes de participation, sur Marseille centre ville et Rognes.<\/p>\n<p>Voil\u00e0 l&rsquo;appel, ci-dessous. N&rsquo;h\u00e9sitez pas \u00e0 le diffuser autour de vous, \u00e0 vos proches, dans vos r\u00e9seaux. Je suis bien s\u00fbr \u00e0 votre disposition pour en discuter et j&rsquo;attends vos conseils et remarques avec impatience. Rendez-vous sur <a href=\"http:\/\/unevalleedanslalune.ouvaton.org\/2009\/01\/18\/appel-a-participation\/\">cette page<\/a> pour poursuivre la discussion.<\/p>\n<p>Et en bas de la page, une mise \u00e0 jours r\u00e9guli\u00e8re concernant les suites de cet appel. Derni\u00e8re mise \u00e0 jours : d\u00e9cembre 2012.<\/p>\n<p>&#8212;&#8212;&#8212;&#8212;&#8212;&#8212;&#8212;&#8212;&#8212;&#8212;&#8212;&#8212;&#8212;&#8212;&#8212;&#8212;&#8212;&#8212;&#8212;&#8212;&#8212;&#8212;&#8212;&#8212;&#8211;<\/p>\n<p>En 2006, \u00e0 30 ans, j\u2019ai d\u00e9cid\u00e9 d\u2019\u00e9couter mes envies : pourquoi ne pas vivre \u00e0 la campagne, du fruit du travail de la terre ? En 2009, j\u2019ai d\u00e9j\u00e0 parcouru un bout du chemin vers cet horizon : un projet, devenu collectif, se concr\u00e9tise.<br \/>\nD\u00e8s la d\u00e9cision prise, j\u2019ai rencontr\u00e9 pas mal de paysans membres de la Conf\u00e9d\u00e9ration paysanne. J\u2019ai pu, \u00e0 leur contact, esquisser mon projet, le confronter \u00e0 leur r\u00e9alit\u00e9. J\u2019ai ensuite suivi une formation, de septembre 2007 \u00e0 juin 2008, au Centre de formation agricole de Aix-Valabre et chez J\u00e9r\u00f4me, mara\u00eecher bio. J\u2019y ai obtenu le Brevet professionnel de Responsable d\u2019Exploitation Agricole (BPREA).<br \/>\nAu cours de cette formation, j\u2019ai eu la chance de rencontrer Val\u00e9rie et R\u00e9gine dont les projets ressemblaient au mien. Nous avons regroup\u00e9 nos \u00e9nergies  pour \u00e9laborer un projet commun d\u2019installation :<\/p>\n<blockquote><p><em>Une agriculture paysanne et \u00e9cologique : ferme \u00e0 taille humaine, grande diversit\u00e9 de culture, recherche d\u2019autonomie, agriculture certifi\u00e9e biologique. Nous produirons pour commencer une cinquantaine de l\u00e9gumes et fruits de saison et des \u0153ufs, distribu\u00e9s localement et en vente directe (march\u00e9s et AMAP)<br \/>\nNous nous donnons comme objectifs de :<br \/>\n&#8211;    Participer \u00e0 la souverainet\u00e9 alimentaire locale dans un processus de relocalisation de l\u2019\u00e9conomie<br \/>\n&#8211;    Cr\u00e9er des emplois p\u00e9rennes par l\u2019activit\u00e9 agricole<br \/>\n&#8211;    Renforcer les liens de solidarit\u00e9 entre les habitants des espaces rural et urbain, entre habitants d\u2019un m\u00eame territoire, entre paysans<br \/>\n&#8211;    Habiter et produire de mani\u00e8re \u00e9cologique<\/em><\/p><\/blockquote>\n<p>Des terres mara\u00eech\u00e8res, situ\u00e9es \u00e0 Lauris (Vaucluse), ont \u00e9t\u00e9 acquises (33 000 \u20ac) par le GFA (Groupement Foncier Agricole) que j\u2019ai constitu\u00e9 avec Val\u00e9rie et dans lequel nous avons pu investir de l\u2019\u00e9pargne personnelle et familiale. Le GAEC (Groupement Agricole d\u2019Exploitation en Commun) que nous constituons actuellement tous les trois, sera le b\u00e9n\u00e9ficiaire de ces terres.<br \/>\nCette installation est pr\u00e9vue pour le premier mars prochain, afin de pouvoir proposer nos premi\u00e8res r\u00e9coltes en juin.<br \/>\nEn dehors de l\u2019achat des terres, ma participation financi\u00e8re pour ce projet  s\u2019\u00e9l\u00e8ve \u00e0 20 000 \u20ac (pour l\u2019achat du mat\u00e9riel, l\u2019am\u00e9nagement du terrain). Ma motivation est enti\u00e8re, mais je n\u2019ai pas cet argent en ma possession. L\u2019emprunt bancaire est mon seul recours. Mais \u00e0 travers cet appel, j\u2019esp\u00e8re trouver ces moyens financiers localement aupr\u00e8s de personnes voulant donner une autre valeur \u00e0 leur argent.<br \/>\nIl y a plusieurs moyens d\u2019aider financi\u00e8rement le lancement de notre GAEC et y consolider ma participation :<\/p>\n<ul>\n<li>Devenir membre d\u2019une des amap qui s\u2019engagera \u00e0 nos c\u00f4t\u00e9s : cela nous permettra d\u2019avoir des d\u00e9bouch\u00e9s garantis et une tr\u00e9sorerie plus saine avec les paiements \u00e0 l\u2019avance.<\/li>\n<\/ul>\n<ul>\n<li>Vous pouvez \u00e9galement me consentir un pr\u00eat d\u2019honneur, \u00e0 taux z\u00e9ro, et \u00e0 remboursement progressif, d\u00e8s 2010. Je ne connais personne susceptible  de me pr\u00eater  la totalit\u00e9 de la somme n\u00e9cessaire, mais trois cents personnes qui m\u2019avanceraient 100 \u20ac ou trente 1000 \u20ac, ou toute autre combinaison, permettraient d\u2019atteindre le m\u00eame objectif. Et m\u00eame une petite somme aura alors son importance : imaginez que 10 personnes voulant envoyer chacune 50 \u20ac se disent que finalement ce n\u2019est pas la peine pour une si petite somme, il manquera alors 500 \u20ac.<\/li>\n<\/ul>\n<ul>\n<li>Je compl\u00e9terai avec un emprunt bancaire aupr\u00e8s de La Nef (www.lanef.com). Vous pourrez alors faire partie d\u2019un cercle de garanties simples : vous vous portez caution pour la somme que vous voulez, votre responsabilit\u00e9 \u00e9tant limit\u00e9e.<\/li>\n<\/ul>\n<p>Votre engagement, quel qu\u2019il soit, compte. Votre engagement, mais aussi celui des personnes \u00e0 qui vous en parlerez et qui voudront peut-\u00eatre \u00e9galement encourager et accompagner cette installation.<br \/>\nComme le rappelle avec sagesse R\u00e9gine, \u00ab les petits ruisseaux forment les grandes rivi\u00e8res \u00bb.<br \/>\nPour celles et ceux qui pourront donner de leur temps, plusieurs champs (c\u2019est le cas de le dire) s\u2019ouvriront \u00e0 leurs comp\u00e9tences et \u00e0 leur esprit cr\u00e9atif :<\/p>\n<ul>\n<li>Meccano g\u00e9ant (montage des serres tunnels), am\u00e9nagement des lieux (toilettes s\u00e8ches, cuisine d\u2019\u00e9t\u00e9, cabanes et tentes traditionnelles\u2026)<\/li>\n<\/ul>\n<ul>\n<li>Plantations, d\u00e9sherbage, r\u00e9coltes\u2026<\/li>\n<\/ul>\n<ul>\n<li>Communication, design graphique, site internet\u2026<\/li>\n<\/ul>\n<ul>\n<li>Animation des groupes d\u2019amap<\/li>\n<\/ul>\n<ul>\n<li>Organisation d\u2019\u00e9v\u00e9nements festifs, artistiques autour des jardins, etc, etc, etc.<\/li>\n<\/ul>\n<p>M\u00eame si vous ne pouvez pas consacrer du temps et\/ou de l\u2019argent \u00e0 mon installation, je serais heureux de recevoir vos encouragements, votre soutien. N\u2019h\u00e9sitez pas \u00e0 diffuser cet appel aupr\u00e8s de vos proches !<\/p>\n<p style=\"text-align: left;\">Merci d\u2019avoir lu jusqu\u2019au bout ma requ\u00eate. J\u2019attends d\u00e9j\u00e0 avec impatience vos retours.<\/p>\n<p>Fabrice, Marseille, le 18 janvier 2009<\/p>\n<p>&#8212;&#8212;&#8212;&#8212;&#8212;&#8212;&#8212;&#8212;&#8212;&#8212;&#8212;&#8212;&#8212;&#8212;&#8212;&#8212;&#8212;&#8212;&#8212;&#8212;&#8212;&#8212;&#8212;&#8212;&#8212;&#8212;&#8212;&#8212;&#8212;&#8212;-<\/p>\n<p><strong>Mise \u00e0 jour\u00a0 2012<\/strong><\/p>\n<p>Les Jardins de l&rsquo;escapade, c&rsquo;est une r\u00e9alit\u00e9 humaine et \u00e9conomique depuis trois ans et demie. Je vous invite \u00e0 visiter <a href=\"http:\/\/www.lesjardinsdelescapade.com\/\">le site des Jardins et son blog<\/a> pour en savoir plus, \u00e0 d\u00e9faut de venir nous rencontrer \u00e0 Lauris ou au march\u00e9 de la Canebi\u00e8re (plus d&rsquo;info sur le site).<\/p>\n<p>J&rsquo;ai d\u00fb emprunter pour cette aventure :<\/p>\n<ul>\n<li>13 000 \u20ac sur les 16 500 \u20ac n\u00e9cessaires \u00e0 l&rsquo;achat du terrain des Jardins, aupr\u00e8s d&rsquo;un proche, sous forme de pr\u00eat d&rsquo;honneur. Pr\u00eat sold\u00e9 en mai 2012.<\/li>\n<li>12 000 \u20ac aupr\u00e8s de La Nef, sur les 21 000 n\u00e9cessaires \u00e0 l&rsquo;achat du mat\u00e9riel, au taux de 3,5 %. 6566 \u20ac rembours\u00e9s \u00e0 la date du 15 d\u00e9cembre 2012 (mensualit\u00e9s de 168 \u20ac).<\/li>\n<li>9 750 \u20ac pour dix pr\u00eats d&rsquo;honneur, en compl\u00e9ment du pr\u00eat de La Nef, pour le mat\u00e9riel. 4600 \u20ac rembours\u00e9s d&rsquo;ici fin octobre 2012.<\/li>\n<\/ul>\n<p>Soit un total de 34 750 \u20ac pr\u00eat\u00e9s et 24 166 \u20ac d\u00e9j\u00e0 rembours\u00e9s.<\/p>\n<p>Concernant les dix pr\u00eats d&rsquo;honneur, la p\u00e9riode de remboursement indiqu\u00e9e \u00e9tait de 2010 \u00e0 2015, sans autre pr\u00e9cision. Les premiers remboursements effectu\u00e9s ont \u00e9t\u00e9 dirig\u00e9s vers les pr\u00eateurs qui ont exprim\u00e9 un besoin en 2011. En 2010, la situation ne me permettait pas d&rsquo;envisager de commencer \u00e0 rembourser ces pr\u00eats alors que je remboursais d\u00e9j\u00e0 le pr\u00eat concernant le terrain et le pr\u00eat bancaire. En 2011, j&rsquo;ai commenc\u00e9 \u00e0 rembourser deux des pr\u00eats d&rsquo;honneur. Maintenant, je peux continuer le remboursement des autres pr\u00eats d&rsquo;honneur en fonction des besoins exprim\u00e9s par les pr\u00eateurs, avec des mensualit\u00e9s moyennes de 100 \u20ac.<\/p>\n<p>En 2012, le GFA Les Iscles marquise a acquit de nouvelles parcelles, pour un montant de 13 300 \u20ac. En tant qu&rsquo;associ\u00e9, j&rsquo;ai d\u00fb apporter la moiti\u00e9 de ce montant et ai \u00e0 nouveau fait appel \u00e0 des pr\u00eats d&rsquo;honneur, mais cette fois pour un montant de 1500 \u20ac, remboursable entre 2013 et 2018.<\/p>\n<p>En 2011, le GAEC a atteint un seuil enfin satisfaisant de rentabilit\u00e9 avec le d\u00e9veloppement du march\u00e9 de Marseille qui vient compenser le moindre d\u00e9veloppement des amap, bien que nous ayons cr\u00e9\u00e9 un groupe \u00e0 Lauris. Ce qui veut dire que pour un volume de production ma\u00eetris\u00e9, nous pouvons enfin nous r\u00e9mun\u00e9rer chaque mois (1000 \u20ac net) et avoir en comptabilit\u00e9 un r\u00e9sultat positif que nous pourrons affecter \u00e0 des investissements futurs. Investissements n\u00e9cessaire pour rendre l&rsquo;activit\u00e9 durable sur le long terme : \u00e9quipements pour le tracteur, tracteur mara\u00eecher, hangar de stockage, nouvelles serres, haies&#8230;<\/p>\n<p>En 2012, nous continuons sur la lanc\u00e9e de 2011 mais nous aimerions avoir plus de temps pour d\u00e9velopper de nouveaux projets : nouvelles cultures, recherche d&rsquo;autonomie concernant la fertilit\u00e9 des sols, l&rsquo;alimentation des poules, la production des plants et semences. Ceci passera notamment par des investissements concernant du mat\u00e9riel plus adapt\u00e9, diminuant la p\u00e9nibilit\u00e9 au travail, permettant de travailler plus vite et en s\u00e9curit\u00e9. Nous avons arr\u00eat\u00e9 le groupe amap de Marseille en raison du nombre insuffisant de partenaires face au co\u00fbt de livraison mais comptons d\u00e9velopper l&rsquo;amap de Lauris en remplacement.<\/p>\n<p>Fabrice,\u00a0 2012, Lauris.<\/p>\n","protected":false},"excerpt":{"rendered":"<p>C&rsquo;est la crise ! Tous les indicateurs sont dans le rouge, des travailleurs du monde entier sont les premi\u00e8res victimes de l&rsquo;\u00e9clatement de la bulle financi\u00e8re, on en oublie m\u00eame les crises \u00e9cologique et alimentaire qui constituent pourtant de r\u00e9elles menaces. Pas de quoi se r\u00e9jouir&#8230; et pourtant, je vous souhaite une merveilleuse ann\u00e9e 2009 [&hellip;]<\/p>\n","protected":false},"author":1,"featured_media":0,"parent":0,"menu_order":0,"comment_status":"open","ping_status":"open","template":"","meta":{"footnotes":""},"class_list":["post-33","page","type-page","status-publish","hentry"],"_links":{"self":[{"href":"https:\/\/lafermedelechelette.com\/index.php\/wp-json\/wp\/v2\/pages\/33","targetHints":{"allow":["GET"]}}],"collection":[{"href":"https:\/\/lafermedelechelette.com\/index.php\/wp-json\/wp\/v2\/pages"}],"about":[{"href":"https:\/\/lafermedelechelette.com\/index.php\/wp-json\/wp\/v2\/types\/page"}],"author":[{"embeddable":true,"href":"https:\/\/lafermedelechelette.com\/index.php\/wp-json\/wp\/v2\/users\/1"}],"replies":[{"embeddable":true,"href":"https:\/\/lafermedelechelette.com\/index.php\/wp-json\/wp\/v2\/comments?post=33"}],"version-history":[{"count":20,"href":"https:\/\/lafermedelechelette.com\/index.php\/wp-json\/wp\/v2\/pages\/33\/revisions"}],"predecessor-version":[{"id":319,"href":"https:\/\/lafermedelechelette.com\/index.php\/wp-json\/wp\/v2\/pages\/33\/revisions\/319"}],"wp:attachment":[{"href":"https:\/\/lafermedelechelette.com\/index.php\/wp-json\/wp\/v2\/media?parent=33"}],"curies":[{"name":"wp","href":"https:\/\/api.w.org\/{rel}","templated":true}]}}