{"id":305,"date":"2007-06-17T21:39:26","date_gmt":"2007-06-17T19:39:26","guid":{"rendered":"https:\/\/lafermedelechelette.com\/index.php\/a-propos\/"},"modified":"2025-06-16T18:30:31","modified_gmt":"2025-06-16T16:30:31","slug":"a-propos","status":"publish","type":"page","link":"https:\/\/lafermedelechelette.com\/index.php\/a-propos\/","title":{"rendered":"\u00c0 propos"},"content":{"rendered":"\n<p>Je suis Fabrice M\u00e9tayer, n\u00e9 le 7 janvier 1976 en Charente.<br>\nMon p\u00e8re et ma m\u00e8re sont agriculteur et agricultrice dans le sud de la Charente sur une petite ferme en polyculture \u00e9levage (c\u00e9r\u00e9ales, ol\u00e9agineux, porcs, poulets).<\/p>\n\n\n\n<p>J&rsquo;ai v\u00e9cu en citadin depuis que j&rsquo;ai quitt\u00e9 la ferme familiale, c&rsquo;est \u00e0 dire depuis mon entr\u00e9e au lyc\u00e9e (\u00e0 Angoul\u00eame). Ensuite, \u00e7a a \u00e9t\u00e9, \u00e0 Toulouse puis Marseille, les ann\u00e9es de fac et les premiers boulots. En vrac : des \u00e9tudes d&rsquo;histoire \u00e0 la fac de lettre de Toulouse, au Mirail, la lutte contre le tunnel du Somport, les actions de Plan\u00e8te en danger, le \u00ab\u00a0printemps\u00a0\u00bb de D\u00e9cembre 95, un petit boulot passionnant dans une librairie d\u00e9di\u00e9e \u00e0 la mer pr\u00e8s du Vieux-port \u00e0 Marseille, une ma\u00eetrise et un DEA consacr\u00e9s \u00e0 l&rsquo;histoire du fait colonial \u00e0 travers l&rsquo;\u00e9tude de trajectoires d&rsquo;acteurs de la colonisation fran\u00e7aise en Afrique, du volontariat puis trois ans de coordination d&rsquo;un projet \u00e0 AIDES, association de sant\u00e9 communautaire, et encore d&rsquo;autres activit\u00e9s militantes, dans le mouvement altermondialiste.<\/p>\n\n\n\n<p>En l&rsquo;espace de quelques mois, j&rsquo;ai m\u00fbri le projet de devenir \u00e0 mon tour paysan. La d\u00e9cision de donner une autre direction \u00e0 ma vie a \u00e9t\u00e9 assez rapide, fin ao\u00fbt 2006, de retour de trois semaines de vacances itin\u00e9rantes en v\u00e9lo dans le nord du Portugal. Apr\u00e8s avoir roul\u00e9 au milieu d&rsquo;une nature savamment am\u00e9nag\u00e9e et entretenue par un peuple de paysans-jardiniers, le retour en ville a constitu\u00e9 un choc : ce n&rsquo;\u00e9tait plus possible de continuer comme \u00e7a. Je retrouve alors un sens \u00e0 perp\u00e9tuer cette collaboration \u00e9troite avec la nature qui constituait l&rsquo;activit\u00e9 principale de mes anc\u00eatres charentais, poitevins et vend\u00e9ens. Mais sans rompre avec le monde urbain, en essayant de l&rsquo;associer le plus possible \u00e0 ce projet. Depuis quelques ann\u00e9es, des paysans et paysannes qui se revendiquent comme tels, issus de la Conf&rsquo;, ont d\u00e9j\u00e0 ouvert un sillon dans ce sens, en venant au c\u0153ur de Marseille, \u00e0 l&#8217;emplacement de l&rsquo;ancien \u00ab\u00a0Ventre\u00a0\u00bb de la ville, proposer une relation directe entre producteurs et consommateurs. Je n&rsquo;ai qu&rsquo;\u00e0 essayer de les suivre ! Les romans de Jack London c\u00e9l\u00e9brant le retour \u00e0 la terre (<em>Radieuse Aurore<\/em> et <em>La Vall\u00e9e de la lune<\/em> principalement), les id\u00e9es de Carlo Petrini, Wendell Berry&nbsp; et Murray Bookchin ont accompagn\u00e9 la r\u00e9flexion qui a abouti \u00e0 cette d\u00e9cision. Mais je suis s\u00fbr que de nombreuses autres raisons et d\u00e9raisons ont contribu\u00e9 de mani\u00e8re souterraine \u00e0 cette volont\u00e9 de retour aux racines.<\/p>\n\n\n\n<p>Je n&rsquo;\u00e9tais pas seul dans ce projet : ma compagne, Sandrine, bien que d\u00e9sirant rester prof des \u00e9coles, m&rsquo;encourage et se r\u00eave aussi en paysanne accomplie.<\/p>\n\n\n\n<p>Et puis il y a toutes les personnes \u00e0 qui j&rsquo;en parle autour de moi. Beaucoup expriment de l&rsquo;int\u00e9r\u00eat \u00e0 suivre mon bout de chemin, alors je leur propose ce blog, outil pour partager facilement, en abolissant le temps et l&rsquo;espace. Mais rien ne remplacera une rencontre autour d&rsquo;une table bien garnie.<\/p>\n\n\n\n<p>En parlant de manger, je pense que \u00e7a pourrait \u00eatre une des cl\u00e9s pour inviter le plus grand nombre \u00e0 participer \u00e0 ce projet : n&rsquo;est-ce pas l&rsquo;une des actions les plus \u00e9l\u00e9mentaires et \u00e0 la fois culturelles de notre existence ? Et comme le r\u00e9sume si bien un autre paysan, \u00ab\u00a0manger est un acte agricole\u00a0\u00bb (Wendell Berry, \u00ab\u00a0The Pleasures of Eating\u00a0\u00bb).<br>\nDepuis, je me suis form\u00e9 (un <a title=\"?\" href=\"http:\/\/www.epl.valabre.educagri.fr\/cfppa-metiers-verts-gardanne\/les-formations\/formation-continue\/bprea.html\">BPREA<\/a> \u00e0 Aix-Valabre), j&rsquo;ai rencontr\u00e9 de nombreux paysans mara\u00eechers de la r\u00e9gion marseillaise chez qui j&rsquo;ai aussi fait des stages (notamment J\u00e9r\u00f4me Laplane \u00e0 Roquevaire) et finalement Je me suis install\u00e9 d\u00e9but 2009 avec deux associ\u00e9es, R\u00e9gine et Val\u00e9rie, rencontr\u00e9es au BPREA, \u00e0 Lauris. Nous y avons cr\u00e9\u00e9, sur une friche agricole de 4 ha, le GAEC<a title=\"Le site du GAEC Les Jardins de l'escapade\" href=\"http:\/\/www.lesjardinsdelescapade.com\/\"> Les Jardins de l&rsquo;escapade<\/a>, une petite ferme produisant tout au long de l&rsquo;ann\u00e9e l\u00e9gumes, fruits et \u0153ufs, en respectant le cahier des charges de l&rsquo;Agriculture biologique. Produits que nous proposons notamment aux Marseillais au cours d&rsquo;un march\u00e9 au c\u0153ur de la ville, deux fois par semaine. Et la boucle est boucl\u00e9e !<\/p>\n\n\n\n<p>Voil\u00e0 quatre ans que je suis paysan \u00e0 Lauris et une autre boucle devrait se boucler d&rsquo;ici l&rsquo;an prochain : j&rsquo;ai le projet de continuer mon activit\u00e9 mais dans le sud-ouest. C&rsquo;est \u00e9galement un projet de vie pour notre petite famille et nous recherchons actuellement un point de chute, notre vall\u00e9e dans la lune, afin de d\u00e9velopper pleinement notre projet d&rsquo;installation \u00e0 la campagne bas\u00e9e sur une agriculture paysanne et \u00e9cologique.<\/p>\n\n\n\n<p>\u00a0\u00ab\u00a0Nous devons cr\u00e9er une soci\u00e9t\u00e9 \u00e9cologique, non simplement parce qu&rsquo;elle est souhaitable mais parce qu&rsquo;elle est tragiquement n\u00e9cessaire. Il nous faut commencer \u00e0 vivre si nous voulons survivre.\u00a0\u00bb<\/p>\n\n\n\n<p>(Murray Bookchin, <em>Pour une soci\u00e9t\u00e9 \u00e9cologique<\/em>, 1974)<\/p>\n\n\n\n<p><\/p>\n","protected":false},"excerpt":{"rendered":"<p>Je suis Fabrice M\u00e9tayer, n\u00e9 le 7 janvier 1976 en Charente. Mon p\u00e8re et ma m\u00e8re sont agriculteur et agricultrice dans le sud de la Charente sur une petite ferme en polyculture \u00e9levage (c\u00e9r\u00e9ales, ol\u00e9agineux, porcs, poulets). J&rsquo;ai v\u00e9cu en citadin depuis que j&rsquo;ai quitt\u00e9 la ferme familiale, c&rsquo;est \u00e0 dire depuis mon entr\u00e9e au [&hellip;]<\/p>\n","protected":false},"author":1,"featured_media":0,"parent":0,"menu_order":0,"comment_status":"closed","ping_status":"closed","template":"","meta":{"footnotes":""},"class_list":["post-305","page","type-page","status-publish","hentry"],"_links":{"self":[{"href":"https:\/\/lafermedelechelette.com\/index.php\/wp-json\/wp\/v2\/pages\/305","targetHints":{"allow":["GET"]}}],"collection":[{"href":"https:\/\/lafermedelechelette.com\/index.php\/wp-json\/wp\/v2\/pages"}],"about":[{"href":"https:\/\/lafermedelechelette.com\/index.php\/wp-json\/wp\/v2\/types\/page"}],"author":[{"embeddable":true,"href":"https:\/\/lafermedelechelette.com\/index.php\/wp-json\/wp\/v2\/users\/1"}],"replies":[{"embeddable":true,"href":"https:\/\/lafermedelechelette.com\/index.php\/wp-json\/wp\/v2\/comments?post=305"}],"version-history":[{"count":11,"href":"https:\/\/lafermedelechelette.com\/index.php\/wp-json\/wp\/v2\/pages\/305\/revisions"}],"predecessor-version":[{"id":400,"href":"https:\/\/lafermedelechelette.com\/index.php\/wp-json\/wp\/v2\/pages\/305\/revisions\/400"}],"wp:attachment":[{"href":"https:\/\/lafermedelechelette.com\/index.php\/wp-json\/wp\/v2\/media?parent=305"}],"curies":[{"name":"wp","href":"https:\/\/api.w.org\/{rel}","templated":true}]}}